{"id":5555,"date":"2021-06-12T11:28:16","date_gmt":"2021-06-12T09:28:16","guid":{"rendered":"https:\/\/noufil.com\/politica-de-privacidad\/"},"modified":"2022-01-31T13:02:27","modified_gmt":"2022-01-31T11:02:27","slug":"politica-de-privacitat","status":"publish","type":"page","link":"https:\/\/noufil.com\/ca\/politica-de-privacitat\/","title":{"rendered":"Pol\u00edtica de privacitat"},"content":{"rendered":"\n<p class=\"has-huge-font-size\"> <strong>Pol\u00edtica de privacitat <\/strong> <\/p>\n\n\n\n<p>La privacitat \u00e9s molt important per a MATEX IB\u00c9RICA, SL, i volem mantenir una actitud oberta i transparent en el moment de tractar les vostres dades personals.<\/p>\n\n\n\n<p>De conformitat amb el que disposen les normatives vigents en protecci\u00f3 de dades personals, el Reglament (UE) 2016\/679, de 27 d\u2019abril de 2016 (GDPR), i la LOPDGDD 3\/2018, de 5 de desembre, relatius a la protecci\u00f3 de les persones f\u00edsiques pel que fa al tractament de dades personals i a la lliure circulaci\u00f3 d\u2019aquestes dades, us informem que:<\/p>\n\n\n\n<h3 class=\"wp-block-heading\" id=\"h-responsable-del-tratamiento-de-sus-datos-personales\"><strong><strong>Responsable del tractament de les vostres dades personals<\/strong><\/strong><\/h3>\n\n\n\n<p>MATEX IB\u00c9RICA, SL \u00e9s el responsable del tractament de les dades personals que ens proporcioneu i es responsabilitza de les esmentades dades personals d\u2019acord amb la normativa aplicable en mat\u00e8ria de protecci\u00f3 de dades.<\/p>\n\n\n\n<p id=\"h-responsable-forpol-estructuras-s-l\">Responsable:  MATEX IB\u00c9RICA, S.L. <br>CIF: B-61.175.428<br>Adre\u00e7a postal: C\\ Gran Bretanya, 13 &#8211; 08700 Igualada, BARCELONA, Spain<br>Tel\u00e9fon de contacte: 93 771 90 75 <br>Adre\u00e7a electr\u00f2nica: <a href=\"mailto:ventas@matexiberica.com\">ventas@matexiberica.com<\/a> <\/p>\n\n\n\n<p id=\"h-almacenamiento-de-datos\"><strong><strong>Emmagatzematge de dades<\/strong><\/strong><\/p>\n\n\n\n<p>Les dades que recopilem sobre vosaltres s\u2019emmagatzemen dins l\u2019Espai Econ\u00f2mic Europeu (EEE).<\/p>\n\n\n\n<p id=\"h-comunicacion-de-datos\"><strong><strong>Comunicaci\u00f3 de dades<\/strong><\/strong><\/p>\n\n\n\n<p>Mai passem, venem o intercanviem les vostres dades personals amb tercers aliens al grup MATEX IB\u00c9RICA, SL. Les dades que s\u2019envien a tercers s\u2019utilitzaran \u00fanicament per oferir-vos els nostres serveis. Us detallarem les categories de tercers que accedeixen a les vostres dades per a cada activitat de tractament espec\u00edfica.<\/p>\n\n\n\n<p id=\"h-base-legal-para-el-tratamiento-de-sus-datos-personales\"><strong><strong>Base legal per al tractament de les vostres dades personals<\/strong><\/strong><\/p>\n\n\n\n<p>En cada tractament espec\u00edfic de dades personals recopilades sobre vosaltres, us informarem si la comunicaci\u00f3 de dades personals \u00e9s un requisit legal o contractual, o un requisit necessari per subscriure un contracte, i si esteu obligats a facilitar les dades personals, aix\u00ed com de les possibles conseq\u00fc\u00e8ncies de no facilitar aquestes dades.<\/p>\n\n\n\n<p><strong><strong>Dret d\u2019acc\u00e9s:<\/strong><\/strong><\/p>\n\n\n\n<p>Qualsevol persona t\u00e9 dret a obtenir confirmaci\u00f3 si a MATEX IB\u00c9RICA, SL estem tractant dades personals que us concerneixen o no. Podeu contactar amb MATEX IB\u00c9RICA, SL, que us remetr\u00e0 les dades personals que tractem sobre vosaltres per correu electr\u00f2nic.&nbsp;<\/p>\n\n\n\n<p><strong><strong>Dret de portabilitat:<\/strong><\/strong><\/p>\n\n\n\n<p>Sempre que MATEX IB\u00c9RICA, SL processi les vostres dades personals a trav\u00e9s de mitjans automatitzats sobre la base del vostre consentiment o d\u2019un acord, teniu dret a obtenir una c\u00f2pia de les vostres dades en un format estructurat, d\u2019\u00fas com\u00fa i lectura mec\u00e0nica transferida al vostre nom o a un tercer. S\u2019hi inclouran \u00fanicament les dades personals que ens h\u00e0giu facilitat.<\/p>\n\n\n\n<p><strong><strong>Dret de rectificaci\u00f3:<\/strong><\/strong><\/p>\n\n\n\n<p>Teniu dret a sol\u00b7licitar la rectificaci\u00f3 de les vostres dades personals si s\u00f3n inexactes, aix\u00ed com a completar les que figurin de manera incompleta.&nbsp;<\/p>\n\n\n\n<p><strong><strong>Dret de supressi\u00f3:<\/strong><\/strong><\/p>\n\n\n\n<p>Teniu dret a obtenir sense dilaci\u00f3 indeguda la supressi\u00f3 de qualsevol dada personal vostra tractada per MATEX IB\u00c9RICA, SL en qualsevol moment, excepte en les situacions seg\u00fcents:<\/p>\n\n\n\n<ul class=\"wp-block-list\"><li>teniu un assumpte pendent amb el Servei d\u2019Atenci\u00f3 al Client<\/li><li>se sospita o es confirma que heu utilitzat incorrectament els nostres serveis en els \u00faltims quatre anys<\/li><\/ul>\n\n\n\n<p><strong><strong>Dret d\u2019oposici\u00f3 al tractament de dades sobre la base de l\u2019inter\u00e8s leg\u00edtim:<\/strong><\/strong><\/p>\n\n\n\n<p>Teniu dret a oposar-vos al tractament de les vostres dades personals sobre la base de l\u2019inter\u00e8s leg\u00edtim de MATEX IB\u00c9RICA, SL, la qual no seguir\u00e0 tractant les dades personals llevat que puguem acreditar motius leg\u00edtims imperiosos per al tractament que prevalguin sobre els vostres interessos, drets i llibertats, o b\u00e9 per a la formulaci\u00f3, l\u2019exercici o la defensa de reclamacions.<\/p>\n\n\n\n<p><strong><strong>Dret a presentar una reclamaci\u00f3 davant d\u2019una autoritat de control:<\/strong><\/strong><\/p>\n\n\n\n<p>Si considereu que MATEX IB\u00c9RICA, SL tracta les vostres dades de manera incorrecta, podeu contactar amb nosaltres. Tamb\u00e9 teniu dret a presentar una queixa davant de l\u2019autoritat de protecci\u00f3 de dades competent.<\/p>\n\n\n\n<p><strong><strong>Dret a la limitaci\u00f3 en el tractament:<\/strong><\/strong><\/p>\n\n\n\n<p>Teniu dret a sol\u00b7licitar que MATEX IB\u00c9RICA, SL limiti el tractament de les vostres dades personals en les circumst\u00e0ncies seg\u00fcents:<\/p>\n\n\n\n<ul class=\"wp-block-list\"><li>si us oposeu al tractament de les vostres dades sobre la base de l\u2019inter\u00e8s leg\u00edtim de MATEX IB\u00c9RICA, SL, haur\u00e0 de limitar qualsevol tractament d\u2019aquestes dades a l\u2019espera de la verificaci\u00f3 de l\u2019inter\u00e8s leg\u00edtim.<\/li><li>si reclameu que les vostres dades personals s\u00f3n incorrectes, MATEX IB\u00c9RICA, SL haur\u00e0 de limitar qualsevol tractament d\u2019aquestes dades fins que se\u2019n verifiqui la precisi\u00f3.<\/li><li>si el tractament \u00e9s il\u00b7legal, podreu oposar-vos a que s\u2019eliminin les dades personals i, en el seu lloc, sol\u00b7licitar-ne la limitaci\u00f3 del seu \u00fas.<\/li><li>si MATEX IB\u00c9RICA, SL ja no necessita les dades personals, per\u00f2 vosaltres les necessiteu per a la formulaci\u00f3, l\u2019exercici o la defensa de reclamacions.<\/li><\/ul>\n\n\n\n<p id=\"h-ejercicio-de-derechos\"><strong><strong>Exercici de drets:<\/strong><\/strong><\/p>\n\n\n\n<p>Nos tomamos muy en serio la protecci\u00f3n de datos y, por eso ponemos a su disposici\u00f3n el correo <a href=\"mailto:comercial@forpol.es\"><a href=\"mailto:ventas@matexiberica.com\">ventas@matexiberica.com<\/a><\/a>\u00a0para solicitudes en relaci\u00f3n con los derechos antes mencionados.<\/p>\n\n\n\n<p id=\"h-derecho-a-presentar-una-reclamacion-ante-una-autoridad-de-control\"><strong><strong>Dret a presentar una reclamaci\u00f3 davant d\u2019una autoritat de control:<\/strong><\/strong><\/p>\n\n\n\n<p>Si considereu que MATEX IB\u00c9RICA, SL tracta les vostres dades de manera incorrecta, podeu contactar amb nosaltres. Tamb\u00e9 teniu dret a presentar una queixa davant de l\u2019autoritat de protecci\u00f3 de dades competent.<\/p>\n\n\n\n<p id=\"h-actualizaciones-de-nuestro-aviso-de-privacidad\"><strong><strong>Actualitzacions del nostre av\u00eds de privacitat:<\/strong><\/strong><\/p>\n\n\n\n<p>\u00c9s possible que h\u00e0gim d\u2019actualitzar el nostre av\u00eds de privacitat. L\u2019\u00faltima versi\u00f3 de l\u2019av\u00eds de privacitat est\u00e0 sempre disponible al nostre lloc web. Comunicarem qualsevol canvi material en l\u2019av\u00eds de privacitat, per exemple, la finalitat del tractament de les vostres dades personals, la identitat del responsable o els vostres drets.<\/p>\n\n\n\n<p id=\"h-aviso-de-privacidad-en-sorteos-y-promociones\"><strong><strong>Av\u00eds de privacitat en sortejos i promocions<\/strong><\/strong><\/p>\n\n\n\n<p><strong><strong>Per a qu\u00e8 utilitzem les vostres dades personals?<\/strong><\/strong><\/p>\n\n\n\n<p>Tractarem les vostres dades personals quan participeu en els nostres concursos. Les vostres dades personals seran utilitzades per MATEX IB\u00c9RICA, SL per contactar amb els participants sobre q\u00fcestions del concurs, abans i despr\u00e9s d\u2019un esdeveniment, per identificar els participants, comprovar quina edat teniu, contactar amb els guanyadors o entregar i fer el seguiment del lliurament de premis.<\/p>\n\n\n\n<p><strong><strong>Quins tipus de dades personals tractem?<\/strong><\/strong><\/p>\n\n\n\n<p>Tractarem les seg\u00fcents categories de dades personals:<\/p>\n\n\n\n<ul class=\"wp-block-list\"><li>informaci\u00f3 de contacte, com ara nom, adre\u00e7a, adre\u00e7a electr\u00f2nica i n\u00famero de tel\u00e8fon<\/li><li>edat<\/li><li>informaci\u00f3 proporcionada en el sorteig\/promoci\u00f3<\/li><\/ul>\n\n\n\n<p><strong><strong>Qui t\u00e9 acc\u00e9s a les vostres dades personals?<\/strong><\/strong><\/p>\n\n\n\n<p>Enviem les vostres dades a les empreses que gestionen les promocions i a les encarregades de l\u2019enviament dels premis, que les utilitzen \u00fanicament per oferir-vos els serveis pr\u00e8viament esmentats.\u00a0<\/p>\n\n\n\n<p><strong><strong>Quina \u00e9s la base legal per processar el tractament de les vostres dades personals?<\/strong><\/strong><\/p>\n\n\n\n<p>El proc\u00e9s de tractament de les vostres dades personals es basa en el vostre consentiment quan decidiu participar en un concurs.<\/p>\n\n\n\n<p><strong><strong>Dret a retirar el vostre consentiment:<\/strong><\/strong><\/p>\n\n\n\n<p>Teniu dret a retirar el vostre consentiment al tractament de les vostres dades personals en qualsevol moment. En fer-ho, MATEX IB\u00c9RICA, SL no podr\u00e0 oferir-vos els serveis esmentats pr\u00e8viament.<\/p>\n\n\n\n<p><strong><strong>Durant quant de temps guardem les vostres dades?<\/strong><\/strong><\/p>\n\n\n\n<p>Conservarem les vostres dades personals durant 90 dies, des de la finalitzaci\u00f3 del concurs.<\/p>\n\n\n\n<h3 class=\"wp-block-heading\"><strong><strong>Pol\u00edtica de xarxes socials<\/strong><\/strong><\/h3>\n\n\n\n<p><strong>1. <strong>INFORMACI\u00d3 SOBRE EL RESPONSABLE DEL TRACTAMENT DE LES DADES ALLOTJADES A LA P\u00c0GINA OFICIAL DE MATEX IB\u00c9RICA, SL A LA XARXA SOCIAL<\/strong><\/strong><\/p>\n\n\n\n<p>De conformitat amb el deure d\u2019informaci\u00f3 establert al Reglament (UE) 2016\/679, de 27 d\u2019abril (GDPR), i la Llei Org\u00e0nica 3\/2018, de 5 de desembre (LOPDGDD), MATEX IB\u00c9RICA, SL, en endavant, \u00abEL RESPONSABLE\u00bb, vol posar en coneixement dels usuaris d\u2019aquesta xarxa social la pol\u00edtica respecte al tractament i la protecci\u00f3 de les dades de car\u00e0cter personal d\u2019aquelles persones que volunt\u00e0riament hi accedeixin i utilitzin la p\u00e0gina oficial del RESPONSABLE. L\u2019acc\u00e9s i l\u2019\u00fas per part de l\u2019usuari d\u2019aquesta p\u00e0gina oficial del RESPONSABLE suposa que accepta expressament aquesta pol\u00edtica de privacitat i atorga el seu consentiment per al tractament de les seves dades personals segons el que s\u2019hi preveu.<\/p>\n\n\n\n<p><strong>2. <strong>DADES DE MENORS D\u2019EDAT O INCAPACITATS<\/strong><\/strong><\/p>\n\n\n\n<p>L\u2019acc\u00e9s i el registre a aquesta xarxa social estan prohibits als menors de catorze (14) anys, de forma que igualment queda prohibit l\u2019acc\u00e9s i l\u2019\u00fas per als menors de catorze (14) anys a la p\u00e0gina oficial del RESPONSABLE. Per la seva part, si l\u2019usuari \u00e9s incapacitat, el RESPONSABLE adverteix que ser\u00e0 necess\u00e0ria l\u2019assist\u00e8ncia consentida del titular de la p\u00e0tria potestat o tutela de l\u2019usuari o el seu representant legal per a l\u2019acc\u00e9s i l\u2019\u00fas d\u2019aquesta p\u00e0gina oficial del RESPONSABLE, i aquest quedar\u00e0 expressament exonerat de qualsevol responsabilitat que pugui derivar-se de l\u2019\u00fas de la seva p\u00e0gina oficial per part de menors i incapacitats, i aquesta responsabilitat ser\u00e0 la dels seus representants legals en cada cas.<\/p>\n\n\n\n<p><strong>3. <strong>IDENTIFICACI\u00d3 DE LA RA\u00d3 SOCIAL DEL RESPONSABLE DEL FITXER<\/strong><\/strong><\/p>\n\n\n\n<p id=\"h-el-usuario-queda-informado-de-que-el-responsable-con-domicilio-social-en-c-quarteres-n\u00ba-2-2\u00ba1\u00ba-43420-santa-coloma-de-queralt-tarragona-spain-ostenta-la-condicion-de-responsable-de-los-ficheros-y-tratamientos-a-traves-de-los-que-se-recogen-y-almacenan-los-datos-personales-del-usuario-como-consecuencia-del-registro-y-uso-de-la-pagina-oficial-del-responsable-en-esta-red-social-sin-perjuicio-de-los-tratamientos-de-los-que-es-responsable-la-entidad-titular-de-la-red-social-en-la-que-se-encuentra-nuestra-pagina-oficial\"><strong><strong>L\u2019usuari queda informat que el RESPONSABLE, amb domicili social a C\/ Gran Bretanya, 13 &#8211; 08700 Igualada, BARCELONA, Spain, t\u00e9 la condici\u00f3 de responsable dels fitxers i tractaments a trav\u00e9s dels quals es recullen i emmagatzemen les dades personals de l\u2019usuari com a conseq\u00fc\u00e8ncia del registre i l\u2019\u00fas de la p\u00e0gina oficial del RESPONSABLE en aquesta xarxa social, sense perjudici dels tractaments dels quals \u00e9s responsable l\u2019entitat titular de la xarxa social en qu\u00e8 es troba la nostra p\u00e0gina oficial.<\/strong><\/strong><\/p>\n\n\n\n<p><strong>4. <strong>FINALITATS A LES QUALS ES DESTINEN LES DADES DE CAR\u00c0CTER PERSONAL, INFORMACI\u00d3 I CONSENTIMENT<\/strong><\/strong><\/p>\n\n\n\n<p>Les dades personals proporcionades volunt\u00e0riament per l\u2019usuari al RESPONSABLE a trav\u00e9s de la seva p\u00e0gina oficial formaran part d\u2019un tractament de dades responsabilitat del RESPONSABLE, amb la finalitat d\u2019oferir-li informaci\u00f3 del RESPONSABLE, per correu electr\u00f2nic, fax, SMS, MMS, comunitats socials o qualsevol altre mitj\u00e0 electr\u00f2nic o f\u00edsic, present o futur, que possibiliti realitzar comunicacions comercials, enviament de newsletter a aquells usuaris que s\u2019hi subscriguin, intercanviar informaci\u00f3 amb el RESPONSABLE i altres usuaris i establir comunicaci\u00f3 amb tercers.<\/p>\n\n\n\n<p>Des del moment que l\u2019usuari utilitza aquesta p\u00e0gina oficial, atorga el seu consentiment lliure, inequ\u00edvoc, espec\u00edfic, informat i expr\u00e9s per al tractament de les seves dades personals pel RESPONSABLE, per a la correcta prestaci\u00f3 d\u2019aquests serveis d\u2019acord amb el que estableix aquesta pol\u00edtica.<\/p>\n\n\n\n<p>L\u2019usuari \u00e9s lliure d\u2019utilitzar la p\u00e0gina oficial del RESPONSABLE, en aquesta xarxa social, per tant, en cas que l\u2019usuari no estigui d\u2019acord amb el tractament de les seves dades amb aquestes finalitats, no haur\u00e0 d\u2019utilitzar-la ni proporcionar les seves dades personals.<\/p>\n\n\n\n<p>A trav\u00e9s d\u2019aquest p\u00e0gina oficial del RESPONSABLE, l\u2019usuari pot compartir textos, fotos, v\u00eddeos i altres tipus d\u2019informaci\u00f3 i\/o continguts, que estaran subjectes tant a la present pol\u00edtica com a les normes i condicions de la plataforma. L\u2019usuari ser\u00e0 el responsable que tots els continguts que publiqui respectin la legislaci\u00f3 vigent, aquesta pol\u00edtica i les normes de la plataforma.<\/p>\n\n\n\n<p>L\u2019usuari \u00fanicament podr\u00e0 publicar en aquesta p\u00e0gina oficial del RESPONSABLE dades personals, fotografies i informacions o altres continguts la titularitat i propietat dels quals li pertanyin o respecte de les quals tingui l\u2019autoritzaci\u00f3 de tercers.<\/p>\n\n\n\n<p>El RESPONSABLE tindr\u00e0 dret a eliminar d\u2019aquesta p\u00e0gina oficial \u2014de forma unilateral i sense pr\u00e8via comunicaci\u00f3 ni autoritzaci\u00f3 de l\u2019usuari\u2014 qualsevol contingut publicat per l\u2019usuari quan l\u2019usuari infringeixi o vulneri la legislaci\u00f3 vigent, les normes establertes en aquesta pol\u00edtica o les normes de la plataforma.<\/p>\n\n\n\n<p><strong>5. <strong>IDENTIFICACI\u00d3 DELS DESTINATARIS RESPECTE ALS QUALS EL RESPONSABLE TINGUI PREVIST LA REALITZACI\u00d3 DE CESSIONS O COMUNICACIONS DE DADES<\/strong><\/strong><\/p>\n\n\n\n<p>S\u2019adverteix l\u2019usuari que tota la informaci\u00f3 i els continguts que publiqui a la p\u00e0gina oficial del RESPONSABLE, a la xarxa social podr\u00e0 ser coneguda per la resta d\u2019usuaris de la p\u00e0gina oficial i de la plataforma de xarxa social. En conseq\u00fc\u00e8ncia, tota la informaci\u00f3 i els continguts publicats per l\u2019usuari a la p\u00e0gina oficial del RESPONSABLE, en aquesta xarxa social ser\u00e0 objecte de comunicaci\u00f3 a la resta d\u2019usuaris per la naturalesa pr\u00f2pia del servei.<\/p>\n\n\n\n<p>El RESPONSABLE \u00fanicament t\u00e9 prevista la realitzaci\u00f3 de cessions o comunicacions de dades que pel que fa a la normativa vigent hagi de realitzar a jutges, tribunals, administracions p\u00fabliques i autoritats competents de car\u00e0cter administratiu.<\/p>\n\n\n\n<p><strong>6. <strong>ALTRES TERCERS PRESTADORS DE SERVEIS<\/strong><\/strong><\/p>\n\n\n\n<p>El RESPONSABLE adverteix l\u2019usuari que aquesta entitat nom\u00e9s \u00e9s responsable i garanteix la confidencialitat, seguretat i tractament de les dades d\u2019acord amb aquesta pol\u00edtica, respecte de les dades de car\u00e0cter personal que reculli de l\u2019usuari a trav\u00e9s d\u2019aquesta p\u00e0gina oficial en aquesta xarxa social i que no t\u00e9 cap tipus de responsabilitat respecte dels tractaments i les posteriors utilitzacions de les dades personals que puguin efectuar-se, tant pel titular de la xarxa social com per tercers prestadors de serveis de la societat de la informaci\u00f3 que poguessin accedir a aquestes dades quant a la prestaci\u00f3 dels seus serveis o exercici de la seva activitat, tercers que estableixin hiperenlla\u00e7os a la xarxa social, ni d\u2019aquells responsables als quals, a trav\u00e9s d\u2019hiperenlla\u00e7os, el RESPONSABLE remet als usuaris adherits a aquesta p\u00e0gina oficial.<\/p>\n\n\n\n<p><strong>7. <strong>QUALITAT DE LES DADES<\/strong><\/strong><\/p>\n\n\n\n<p>El RESPONSABLE adverteix l\u2019usuari que, llevat de l\u2019exist\u00e8ncia d\u2019una representaci\u00f3 legalment constitu\u00efda, cap usuari no pot utilitzar la identitat d\u2019una altra persona i comunicar les seves dades personals, ra\u00f3 per la qual l\u2019usuari haur\u00e0 de tenir sempre en compte que nom\u00e9s pot proporcionar dades personals corresponents a la seva pr\u00f2pia identitat i que siguin adequades, pertinents, actuals, exactes i vertaderes. En qualsevol cas, l\u2019usuari haur\u00e0 de respectar la privacitat de tercers, ja siguin usuaris o no de la xarxa social o de la p\u00e0gina oficial del RESPONSABLE.<\/p>\n\n\n\n<p><strong>8. <strong>DRETS QUE ASSISTEIXEN L\u2019INTERESSAT<\/strong>:<\/strong><\/p>\n\n\n\n<ul class=\"wp-block-list\"><li>Dret a retirar el consentiment en qualsevol moment.<\/li><li>Dret d\u2019acc\u00e9s, rectificaci\u00f3, portabilitat i supressi\u00f3 de les seves dades i a la limitaci\u00f3 o oposici\u00f3 al seu tractament.<\/li><li>Dret a presentar una reclamaci\u00f3 davant de l\u2019autoritat de control (www.aepd.es.) si considera que el tractament no s\u2019ajusta a la normativa vigent.<\/li><\/ul>\n\n\n\n<p><strong>9. <strong>ALTRA INFORMACI\u00d3 D\u2019INTER\u00c8S<\/strong><\/strong><\/p>\n\n\n\n<p> El RESPONSABLE podr\u00e0 modificar i\/o substituir en qualsevol moment aquesta pol\u00edtica que, segons els casos, substituir\u00e0, completar\u00e0 i\/o modificar\u00e0 l\u2019actualment publicada aqu\u00ed recollida. Per fer-ho, l\u2019usuari haur\u00e0 d\u2019accedir-hi peri\u00f2dicament per mantenir-se actualitzat. <\/p>\n\n\n\n<p>L\u2019usuari pot contactar amb el RESPONSABLE a trav\u00e9s de les seg\u00fcents adreces i dades de contacte:<\/p>\n\n\n\n<p id=\"h-forpol-estructuras-s-l-c-quarteres-n\u00ba-2-2\u00ba1\u00ba-43420-santa-coloma-de-queralt-tarragona-spain\"><strong><span style=\"font-size: revert;\">MATEX IB\u00c9RICA, S.L.<\/span>  <br> C\\ Gran Bretanya, 13 &#8211; 08700 Igualada, BARCELONA, Spain <\/strong><br> <a href=\"mailto:ventas@matexiberica.com\">ventas@matexiberica.com<\/a> <\/p>\n\n\n\n<p>Aix\u00ed mateix, l\u2019usuari pot consultar les normes i les pol\u00edtiques publicades pel titular de la xarxa social per fer-ne \u00fas.<\/p>\n","protected":false},"excerpt":{"rendered":"<p>Pol\u00edtica de privacitat La privacitat \u00e9s molt important per a MATEX IB\u00c9RICA, SL, i volem mantenir una actitud oberta i transparent en el moment de tractar les vostres dades personals&#8230;.<\/p>\n","protected":false},"author":1,"featured_media":0,"parent":0,"menu_order":0,"comment_status":"closed","ping_status":"open","template":"","meta":{"footnotes":""},"class_list":["post-5555","page","type-page","status-publish","hentry"],"_links":{"self":[{"href":"https:\/\/noufil.com\/ca\/wp-json\/wp\/v2\/pages\/5555","targetHints":{"allow":["GET"]}}],"collection":[{"href":"https:\/\/noufil.com\/ca\/wp-json\/wp\/v2\/pages"}],"about":[{"href":"https:\/\/noufil.com\/ca\/wp-json\/wp\/v2\/types\/page"}],"author":[{"embeddable":true,"href":"https:\/\/noufil.com\/ca\/wp-json\/wp\/v2\/users\/1"}],"replies":[{"embeddable":true,"href":"https:\/\/noufil.com\/ca\/wp-json\/wp\/v2\/comments?post=5555"}],"version-history":[{"count":7,"href":"https:\/\/noufil.com\/ca\/wp-json\/wp\/v2\/pages\/5555\/revisions"}],"predecessor-version":[{"id":9315,"href":"https:\/\/noufil.com\/ca\/wp-json\/wp\/v2\/pages\/5555\/revisions\/9315"}],"wp:attachment":[{"href":"https:\/\/noufil.com\/ca\/wp-json\/wp\/v2\/media?parent=5555"}],"curies":[{"name":"wp","href":"https:\/\/api.w.org\/{rel}","templated":true}]}}