{"id":5547,"date":"2021-08-06T19:47:12","date_gmt":"2021-08-06T17:47:12","guid":{"rendered":"https:\/\/noufil.com\/noufil\/"},"modified":"2022-01-31T12:31:17","modified_gmt":"2022-01-31T10:31:17","slug":"noufil","status":"publish","type":"page","link":"https:\/\/noufil.com\/ca\/noufil\/","title":{"rendered":"Noufil"},"content":{"rendered":"\n<div class=\"wp-block-noufil-blocs-seccio mod_noufil mod_destacat sense_text\"><div class=\"maq_contenidor\"><div class=\"maq_columns cols_3\"><div class=\"maq_col doble foto_wrapper\"><div class=\"foto foto_layer\" style=\"background-image:url(https:\/\/noufil.com\/wp-content\/uploads\/2021\/09\/Noufil-01.jpg)\"><\/div><\/div><div class=\"maq_col text\"><div class=\"wrap_centrat\"><div class=\"wrap_titular\"><h1 class=\"com_titular_1 \">NOUFIL<\/h1><\/div><\/div><\/div><\/div><\/div><\/div>\n\n\n\n<h2 class=\"wp-block-heading\">Tres d\u00e8cades de treball amb un gran equip hum\u00e0 i l\u2019\u00faltima tecnologia: la millor garantia de qualitat.<\/h2>\n\n\n\n<p>NOUFIL\u00ae compta amb quatre d\u00e8cades de traject\u00f2ria en la confecci\u00f3 a mida i per enc\u00e0rrec de productes t\u00e8xtils per a la llar i Contract.<\/p>\n\n\n\n<p>Som una empresa de tradici\u00f3 familiar, amb \u00e0mplia experi\u00e8ncia i visi\u00f3 artesanal, que fabrica productes personalitzats i sempre pendents de cada detall. Alhora, per\u00f2, comptem amb processos industrials d\u2019\u00faltima generaci\u00f3 i estem tecnol\u00f2gicament preparats per assumir grans volums de fabricaci\u00f3, sense necessitat de subcontractar, i garantim la tra\u00e7abilitat i el control permanents. Som vers\u00e0tils i podem donar resposta a comandes d\u2019envergadures molt diverses.<br><br><\/p>\n\n\n\n<div class=\"wp-block-noufil-blocs-seccio mod_noufil mod_destacat sense_text\"><div class=\"maq_contenidor\"><div class=\"maq_columns cols_3\"><div class=\"maq_col doble foto_wrapper\"><div class=\"foto foto_layer\" style=\"background-image:url(https:\/\/noufil.com\/wp-content\/uploads\/2021\/12\/equip-JBA-8016-1.jpg)\"><\/div><\/div><div class=\"maq_col text\"><div class=\"wrap_centrat\"><div class=\"wrap_titular\"><h1 class=\"com_titular_1 \"><\/h1><\/div><\/div><\/div><\/div><\/div><\/div>\n\n\n\n<p><br><br>Independentment del volum d\u2019una comanda, cada element \u00e9s \u00fanic, i aix\u00ed \u00e9s com el tractem. Comprom\u00eds, un profund coneixement del producte i un alt grau d\u2019autoexig\u00e8ncia en la nostra tasca di\u00e0ria s\u00f3n les tres directrius que millor ens defineixen.<br><br><\/p>\n\n\n\n<div class=\"wp-block-noufil-blocs-trepitja mod_noufil mod_trepitja\"><h2 class=\"tamany_2\"><\/h2><\/div>\n","protected":false},"excerpt":{"rendered":"<p>Tres d\u00e8cades de treball amb un gran equip hum\u00e0 i l\u2019\u00faltima tecnologia: la millor garantia de qualitat. NOUFIL\u00ae compta amb quatre d\u00e8cades de traject\u00f2ria en la confecci\u00f3 a mida i&#8230;<\/p>\n","protected":false},"author":1,"featured_media":0,"parent":0,"menu_order":0,"comment_status":"closed","ping_status":"closed","template":"pag_empresa.php","meta":{"footnotes":""},"class_list":["post-5547","page","type-page","status-publish","hentry"],"_links":{"self":[{"href":"https:\/\/noufil.com\/ca\/wp-json\/wp\/v2\/pages\/5547","targetHints":{"allow":["GET"]}}],"collection":[{"href":"https:\/\/noufil.com\/ca\/wp-json\/wp\/v2\/pages"}],"about":[{"href":"https:\/\/noufil.com\/ca\/wp-json\/wp\/v2\/types\/page"}],"author":[{"embeddable":true,"href":"https:\/\/noufil.com\/ca\/wp-json\/wp\/v2\/users\/1"}],"replies":[{"embeddable":true,"href":"https:\/\/noufil.com\/ca\/wp-json\/wp\/v2\/comments?post=5547"}],"version-history":[{"count":2,"href":"https:\/\/noufil.com\/ca\/wp-json\/wp\/v2\/pages\/5547\/revisions"}],"predecessor-version":[{"id":9299,"href":"https:\/\/noufil.com\/ca\/wp-json\/wp\/v2\/pages\/5547\/revisions\/9299"}],"wp:attachment":[{"href":"https:\/\/noufil.com\/ca\/wp-json\/wp\/v2\/media?parent=5547"}],"curies":[{"name":"wp","href":"https:\/\/api.w.org\/{rel}","templated":true}]}}