{"id":5545,"date":"2021-09-14T18:59:41","date_gmt":"2021-09-14T16:59:41","guid":{"rendered":"https:\/\/noufil.com\/historia\/"},"modified":"2022-01-31T12:35:09","modified_gmt":"2022-01-31T10:35:09","slug":"historia","status":"publish","type":"page","link":"https:\/\/noufil.com\/ca\/historia\/","title":{"rendered":"Hist\u00f2ria"},"content":{"rendered":"\n<div class=\"wp-block-noufil-blocs-seccio mod_noufil mod_destacat sense_text\"><div class=\"maq_contenidor\"><div class=\"maq_columns cols_3\"><div class=\"maq_col doble foto_wrapper\"><div class=\"foto foto_layer\" style=\"background-image:url(https:\/\/noufil.com\/wp-content\/uploads\/2021\/12\/3-GERMANS-JBA-8063.jpg)\"><\/div><\/div><div class=\"maq_col text\"><div class=\"wrap_centrat\"><div class=\"wrap_titular\"><h1 class=\"com_titular_1 \">HIST\u00d2RIA<\/h1><\/div><\/div><\/div><\/div><\/div><\/div>\n\n\n\n<h2 class=\"wp-block-heading\">Vestint espais des del 1984.<\/h2>\n\n\n\n<p>NOUFIL\u00ae \u00e9s una empresa familiar dedicada a la confecci\u00f3 a mida per al t\u00e8xtil de la llar i la protecci\u00f3 solar des del 1984. Actualment, al capdavant de l\u2019empresa hi ha la segona generaci\u00f3 de la fam\u00edlia, que vetlla per a la seva millora i continu\u00eftat.<\/p>\n\n\n\n<p>Amb els anys, NOUFIL\u00ae s\u2019ha convertit en una empresa referent nacional en el seu sector amb dedicaci\u00f3, esfor\u00e7 i un equip hum\u00e0 altament qualificat, conscient de l\u2019alt grau d\u2019exig\u00e8ncia que el mercat actual necessita.<\/p>\n\n\n\n<p><br><br><\/p>\n\n\n\n<div class=\"wp-block-noufil-blocks-historia\"><div class=\"mod_slider_historia\">\n<div class=\"wp-block-noufil-blocks-historia-in slide\"><div class=\"foto\" style=\"background-image:url(https:\/\/noufil.com\/wp-content\/uploads\/2021\/12\/web-juan-gomez-9L0zCCeD6J4-unsplash.jpg)\"><\/div><div class=\"llegenda\"><div class=\"any\">1984<\/div><div class=\"text\"><p>Confecci\u00f3 dels primers edredons i cortines.<\/p><\/div><\/div><\/div>\n\n\n\n<div class=\"wp-block-noufil-blocks-historia-in slide\"><div class=\"foto\" style=\"background-image:url(https:\/\/noufil.com\/wp-content\/uploads\/2021\/12\/web-janko-ferlic-EpbIXGCrtK0-unsplash.jpg)\"><\/div><div class=\"llegenda\"><div class=\"any\">1996<\/div><div class=\"text\"><p>Constituci\u00f3 de la societat<br>Matex Iberica, SL.<\/p><\/div><\/div><\/div>\n\n\n\n<div class=\"wp-block-noufil-blocks-historia-in slide\"><div class=\"foto\" style=\"background-image:url(https:\/\/noufil.com\/wp-content\/uploads\/2021\/12\/JBA-3716.jpg)\"><\/div><div class=\"llegenda\"><div class=\"any\">2005<\/div><div class=\"text\"><p>Primera m\u00e0quina d&#8217;impressi\u00f3 digital per a screens.<\/p><\/div><\/div><\/div>\n\n\n\n<div class=\"wp-block-noufil-blocks-historia-in slide\"><div class=\"foto\" style=\"background-image:url(https:\/\/noufil.com\/wp-content\/uploads\/2021\/12\/JBA-3606.jpg)\"><\/div><div class=\"llegenda\"><div class=\"any\">2006<\/div><div class=\"text\"><p>Introducci\u00f3 de sistemes de control en temps real.<\/p><\/div><\/div><\/div>\n\n\n\n<div class=\"wp-block-noufil-blocks-historia-in slide\"><div class=\"foto\" style=\"background-image:url(https:\/\/noufil.com\/wp-content\/uploads\/2021\/12\/JBA-3740.jpg)\"><\/div><div class=\"llegenda\"><div class=\"any\">2007<\/div><div class=\"text\"><p>R\u00e8cord en confecci\u00f3n!<br>37.000 estors + 7.700 llames de panell japon\u00e8s.<\/p><\/div><\/div><\/div>\n\n\n\n<div class=\"wp-block-noufil-blocks-historia-in slide\"><div class=\"foto\" style=\"background-image:url(https:\/\/noufil.com\/wp-content\/uploads\/2021\/12\/web-matthew-waring-MJAoiige14E-unsplash.jpg)\"><\/div><div class=\"llegenda\"><div class=\"any\">2010<\/div><div class=\"text\"><p>Reorganitzaci\u00f3 de l&#8217;empresa per la crisi financera.<\/p><\/div><\/div><\/div>\n\n\n\n<div class=\"wp-block-noufil-blocks-historia-in slide\"><div class=\"foto\" style=\"background-image:url(https:\/\/noufil.com\/wp-content\/uploads\/2021\/12\/Facana-JBA-8090-HDR.jpg)\"><\/div><div class=\"llegenda\"><div class=\"any\">2015<\/div><div class=\"text\"><p>Noves instal\u00b7lacions a Igualada, amb 1.400 m\u00b2 de producci\u00f3.<\/p><\/div><\/div><\/div>\n\n\n\n<div class=\"wp-block-noufil-blocks-historia-in slide\"><div class=\"foto\" style=\"background-image:url(https:\/\/noufil.com\/wp-content\/uploads\/2021\/12\/web-john-o-nolan-uMWPrcRsrto-unsplash-1.jpg)\"><\/div><div class=\"llegenda\"><div class=\"any\">2016<\/div><div class=\"text\"><p>Certificacions: ISO9001.2015 by BSI.<br>Cradle to Cradle.<\/p><\/div><\/div><\/div>\n\n\n\n<div class=\"wp-block-noufil-blocks-historia-in slide\"><div class=\"foto\" style=\"background-image:url(https:\/\/noufil.com\/wp-content\/uploads\/2021\/12\/JBA-3869.jpg)\"><\/div><div class=\"llegenda\"><div class=\"any\">2020<\/div><div class=\"text\"><p>Any de la Covid-19, r\u00e8cord en qualitat.<br>Nom\u00e9s un 2,45% d&#8217;incid\u00e8ncies.<\/p><\/div><\/div><\/div>\n\n\n\n<div class=\"wp-block-noufil-blocks-historia-in slide\"><div class=\"foto\" style=\"background-image:url(https:\/\/noufil.com\/wp-content\/uploads\/2021\/12\/presentsquare-pQvBoTJhdno-unsplash.jpg)\"><\/div><div class=\"llegenda\"><div class=\"any\">FUTUR<\/div><div class=\"text\"><p>Continuem fent hist\u00f2ria amb vosaltres al nostre costat.<\/p><\/div><\/div><\/div>\n<\/div><\/div>\n","protected":false},"excerpt":{"rendered":"<p>Vestint espais des del 1984. NOUFIL\u00ae \u00e9s una empresa familiar dedicada a la confecci\u00f3 a mida per al t\u00e8xtil de la llar i la protecci\u00f3 solar des del 1984. Actualment,&#8230;<\/p>\n","protected":false},"author":1,"featured_media":0,"parent":0,"menu_order":0,"comment_status":"closed","ping_status":"closed","template":"pag_empresa.php","meta":{"footnotes":""},"class_list":["post-5545","page","type-page","status-publish","hentry"],"_links":{"self":[{"href":"https:\/\/noufil.com\/ca\/wp-json\/wp\/v2\/pages\/5545","targetHints":{"allow":["GET"]}}],"collection":[{"href":"https:\/\/noufil.com\/ca\/wp-json\/wp\/v2\/pages"}],"about":[{"href":"https:\/\/noufil.com\/ca\/wp-json\/wp\/v2\/types\/page"}],"author":[{"embeddable":true,"href":"https:\/\/noufil.com\/ca\/wp-json\/wp\/v2\/users\/1"}],"replies":[{"embeddable":true,"href":"https:\/\/noufil.com\/ca\/wp-json\/wp\/v2\/comments?post=5545"}],"version-history":[{"count":2,"href":"https:\/\/noufil.com\/ca\/wp-json\/wp\/v2\/pages\/5545\/revisions"}],"predecessor-version":[{"id":9301,"href":"https:\/\/noufil.com\/ca\/wp-json\/wp\/v2\/pages\/5545\/revisions\/9301"}],"wp:attachment":[{"href":"https:\/\/noufil.com\/ca\/wp-json\/wp\/v2\/media?parent=5545"}],"curies":[{"name":"wp","href":"https:\/\/api.w.org\/{rel}","templated":true}]}}