{"id":5543,"date":"2021-09-14T19:04:55","date_gmt":"2021-09-14T17:04:55","guid":{"rendered":"https:\/\/noufil.com\/fiabilidad\/"},"modified":"2022-01-31T12:24:53","modified_gmt":"2022-01-31T10:24:53","slug":"fiabilitat","status":"publish","type":"page","link":"https:\/\/noufil.com\/ca\/fiabilitat\/","title":{"rendered":"Fiabilitat"},"content":{"rendered":"\n<div class=\"wp-block-noufil-blocs-seccio mod_noufil mod_destacat sense_text\"><div class=\"maq_contenidor\"><div class=\"maq_columns cols_3\"><div class=\"maq_col doble foto_wrapper\"><div class=\"foto foto_layer\" style=\"background-image:url(https:\/\/noufil.com\/wp-content\/uploads\/2021\/12\/JBA-3776.jpg)\"><\/div><\/div><div class=\"maq_col text\"><div class=\"wrap_centrat\"><div class=\"wrap_titular\"><h1 class=\"com_titular_1 \">FIABILITAT<\/h1><\/div><\/div><\/div><\/div><\/div><\/div>\n\n\n\n<h2 class=\"wp-block-heading\">M\u00e0xima confian\u00e7a i garantia.<\/h2>\n\n\n\n<p>A NOUFIL\u00ae som experts professionals de la confecci\u00f3 i treballem amb els millors prove\u00efdors. Oferim garantia de durabilitat i servei de distribuci\u00f3 i postvenda a l\u2019altura de les m\u00e9s altes exig\u00e8ncies.<\/p>\n\n\n\n<p>Ens adrecem a tots aquells clients \u2014comer\u00e7os minoristes, projectistes, arquitectes, interioristes, etc.\u2014 que valoren la qualitat i, per tant, que exigeix un servei en conson\u00e0ncia. Per tot aix\u00f2, a m\u00e9s del nostre propi taller de confecci\u00f3, \u00fanicament distribu\u00efm productes dels millors fabricants nacionals i internacionals, que poden certificar els seus productes segons la normativa vigent de qualitat i respecte pel medi ambient.<\/p>\n\n\n\n<div class=\"wp-block-noufil-blocs-seccio mod_noufil mod_destacat sense_text\"><div class=\"maq_contenidor\"><div class=\"maq_columns cols_3\"><div class=\"maq_col doble foto_wrapper\"><div class=\"foto foto_layer\" style=\"background-image:url(https:\/\/noufil.com\/wp-content\/uploads\/2021\/12\/JBA-3798.jpg)\"><\/div><\/div><div class=\"maq_col text\"><div class=\"wrap_centrat\"><div class=\"wrap_titular\"><h1 class=\"com_titular_1 \"><\/h1><\/div><\/div><\/div><\/div><\/div><\/div>\n\n\n\n<p>Seriositat, m\u00e0xim coneixement del producte i una gran autoexig\u00e8ncia en la nostra labor s\u00f3n les tres pautes que defineixen la nostra filosofia des de fa m\u00e9s de tres d\u00e8cades. Per al nostre client: <strong>m\u00e0xima confian\u00e7a i garantia per a un resultat \u00f2ptim i una plena satisfacci\u00f3.<\/strong><\/p>\n\n\n\n<p><br><br><\/p>\n\n\n\n<div class=\"wp-block-noufil-blocs-trepitja mod_noufil mod_trepitja\"><h2 class=\"tamany_2\"><\/h2><\/div>\n","protected":false},"excerpt":{"rendered":"<p>M\u00e0xima confian\u00e7a i garantia. A NOUFIL\u00ae som experts professionals de la confecci\u00f3 i treballem amb els millors prove\u00efdors. Oferim garantia de durabilitat i servei de distribuci\u00f3 i postvenda a l\u2019altura&#8230;<\/p>\n","protected":false},"author":1,"featured_media":0,"parent":0,"menu_order":0,"comment_status":"closed","ping_status":"closed","template":"pag_serveis.php","meta":{"footnotes":""},"class_list":["post-5543","page","type-page","status-publish","hentry"],"_links":{"self":[{"href":"https:\/\/noufil.com\/ca\/wp-json\/wp\/v2\/pages\/5543","targetHints":{"allow":["GET"]}}],"collection":[{"href":"https:\/\/noufil.com\/ca\/wp-json\/wp\/v2\/pages"}],"about":[{"href":"https:\/\/noufil.com\/ca\/wp-json\/wp\/v2\/types\/page"}],"author":[{"embeddable":true,"href":"https:\/\/noufil.com\/ca\/wp-json\/wp\/v2\/users\/1"}],"replies":[{"embeddable":true,"href":"https:\/\/noufil.com\/ca\/wp-json\/wp\/v2\/comments?post=5543"}],"version-history":[{"count":2,"href":"https:\/\/noufil.com\/ca\/wp-json\/wp\/v2\/pages\/5543\/revisions"}],"predecessor-version":[{"id":9295,"href":"https:\/\/noufil.com\/ca\/wp-json\/wp\/v2\/pages\/5543\/revisions\/9295"}],"wp:attachment":[{"href":"https:\/\/noufil.com\/ca\/wp-json\/wp\/v2\/media?parent=5543"}],"curies":[{"name":"wp","href":"https:\/\/api.w.org\/{rel}","templated":true}]}}