{"id":5542,"date":"2021-09-14T19:07:18","date_gmt":"2021-09-14T17:07:18","guid":{"rendered":"https:\/\/noufil.com\/responsabilitat-social-corporativa\/"},"modified":"2023-10-10T16:40:43","modified_gmt":"2023-10-10T14:40:43","slug":"responsabilitat-social-corporativa","status":"publish","type":"page","link":"https:\/\/noufil.com\/ca\/responsabilitat-social-corporativa\/","title":{"rendered":"Responsabilitat social corporativa"},"content":{"rendered":"\n<div class=\"wp-block-noufil-blocs-seccio mod_noufil mod_destacat sense_text\"><div class=\"maq_contenidor\"><div class=\"maq_columns cols_3\"><div class=\"maq_col doble foto_wrapper\"><div class=\"foto foto_layer\" style=\"background-image:url(https:\/\/noufil.com\/wp-content\/uploads\/2021\/12\/web-reka-marincsak-KuURTb48srY-unsplash.jpg)\"><\/div><\/div><div class=\"maq_col text\"><div class=\"wrap_centrat\"><div class=\"wrap_titular\"><h1 class=\"com_titular_1 \">RSC NOUFIL<\/h1><\/div><\/div><\/div><\/div><\/div><\/div>\n\n\n\n<h2 class=\"wp-block-heading\">Treballem per a la excel\u00b7l\u00e8ncia social amb l\u2019objectiu de promoure la competitivitat sostenible.<\/h2>\n\n\n\n<p>NOUFIL\u00ae  t\u00e9 com a objectiu ser un referent a nivell nacional en la confecci\u00f3 de cortines i d\u2019altres complements t\u00e8xtils que puguin ser usats en qualsevol entorn habitable.<\/p>\n\n\n\n<p><strong>El nostre principal objectiu \u00e9s assegurar, de forma perdurable en el temps, la m\u00e0xima qualitat i la m\u00e0xima satisfacci\u00f3 dels nostres clients.<\/strong><\/p>\n\n\n\n<p>Per aconseguir-ho disposem d\u2019un Sistema de Gesti\u00f3 de la Qualitat basat en la norma<strong> UNE-EN ISO 9001: 2015<\/strong>, que certifiquem amb \u00e8xit any rere any.<\/p>\n\n\n\n<div class=\"wp-block-image\"><figure class=\"aligncenter size-large\"><img loading=\"lazy\" decoding=\"async\" width=\"1024\" height=\"241\" src=\"https:\/\/noufil.com\/wp-content\/uploads\/2022\/09\/Logo-ISO-01-1024x241.jpg\" alt=\"\" class=\"wp-image-11076\" srcset=\"https:\/\/noufil.com\/wp-content\/uploads\/2022\/09\/Logo-ISO-01-1024x241.jpg 1024w, https:\/\/noufil.com\/wp-content\/uploads\/2022\/09\/Logo-ISO-01-300x71.jpg 300w, https:\/\/noufil.com\/wp-content\/uploads\/2022\/09\/Logo-ISO-01-768x181.jpg 768w, https:\/\/noufil.com\/wp-content\/uploads\/2022\/09\/Logo-ISO-01-1536x362.jpg 1536w, https:\/\/noufil.com\/wp-content\/uploads\/2022\/09\/Logo-ISO-01.jpg 1744w\" sizes=\"auto, (max-width: 1024px) 100vw, 1024px\" \/><\/figure><\/div>\n\n\n\n<p class=\"has-text-align-left\">El camp d\u2019aplicaci\u00f3 del sistema de qualitat de NOUFIL\u00ae inclou les seg\u00fcents activitats:<\/p>\n\n\n\n<ul class=\"wp-block-list\"><li>Confecci\u00f3 a mida de cortines i d\u2019altres productes t\u00e8xtils de decoraci\u00f3.<\/li><li>Serveis d\u2019impressi\u00f3 digital.<\/li><li>Serveis d\u2019instal\u00b7laci\u00f3 de cortines.<\/li><\/ul>\n\n\n\n<p>La Direcci\u00f3 de NOUFIL\u00ae estableix mitjan\u00e7ant aquest document, la Pol\u00edtica de Qualitat de l&#8217;empresa, la qual implica especialment:<\/p>\n\n\n\n<ul class=\"wp-block-list\"><li>Els nostres <strong>clients<\/strong>, amb la finalitat d\u2019 aconseguir la seva m\u00e0xima satisfacci\u00f3 tant en qualitat de producte, de servei i d\u2019atenci\u00f3 a les seves necessitats.<\/li><\/ul>\n\n\n\n<ul class=\"wp-block-list\"><li>Els nostres <strong>prove\u00efdors<\/strong>, exigint-los la m\u00e0xima qualitat en els productes \/ serveis que ens proporcionen.<\/li><\/ul>\n\n\n\n<ul class=\"wp-block-list\"><li>El nostre <strong>personal<\/strong>, fent que estiguin plenament satisfets amb la Direcci\u00f3 de l\u2019empresa, amb la resta de companys\/es i amb l\u2019ambient de treball; promovent la seva formaci\u00f3 i exigint la m\u00e0xima qualitat en el treball.<\/li><\/ul>\n\n\n\n<p>Si t\u00e9 inter\u00e8s en con\u00e8ixer el detall de la nostra pol\u00edtica de qualitat, pot sol\u00b7licitar-la a <a href=\"mailto:administracio@matexiberica.com\">administracio@matexiberica.com<\/a>.<\/p>\n\n\n\n<p><\/p>\n\n\n\n<div class=\"wp-block-noufil-blocs-seccio mod_noufil mod_destacat sense_text\"><div class=\"maq_contenidor\"><div class=\"maq_columns cols_3\"><div class=\"maq_col doble foto_wrapper\"><div class=\"foto foto_layer\" style=\"background-image:url(https:\/\/noufil.com\/wp-content\/uploads\/2021\/12\/web-Fabrica-amb-pulseres-Candela.jpg)\"><\/div><\/div><div class=\"maq_col text\"><div class=\"wrap_centrat\"><div class=\"wrap_titular\"><h1 class=\"com_titular_1 \"><\/h1><\/div><\/div><\/div><\/div><\/div><\/div>\n\n\n\n<p>NOUFIL\u00ae manifesta que tots els seus accionistes, directius i personal, en totes les seves relacions, tant internes com externes, i en la pr\u00e0ctica de la seva activitat comercial, es regiran pels principis de legalitat, honorabilitat, responsabilitat, just\u00edcia, integritat, no discriminaci\u00f3, no corrupci\u00f3, igualtat i responsabilitat cap a la societat i el medi ambient. I concretament, es compromet a:<\/p>\n\n\n\n<ul class=\"wp-block-list\"><li>Respectar els drets de les persones d\u2019acord amb la Declaraci\u00f3 dels Drets Humans de 1948.<\/li><li>No realitzar activitats que contribueixen a l\u2019explotaci\u00f3 infantil i respectar els drets fonamentals del menor.<\/li><li>No invertir ni contribuir en empreses que fabriquin o comercialitzin armament.<\/li><li>No atemptar contra la natura ni fer activitats que deteriorin el medi ambient.<\/li><li>Respectar i garantir els drets laborals de tots els treballadors i no tolerar discriminacions per ra\u00f3 de sexe, ra\u00e7a o religi\u00f3.<\/li><li>Realitzar un treball tena\u00e7, honest i professional amb el comprom\u00eds personal de cadasc\u00fa de nosaltres de fer les coses correctament i fer nom\u00e9s les que s\u00f3n correctes.<\/li><\/ul>\n\n\n\n<div class=\"wp-block-image\"><figure class=\"aligncenter size-large\"><a href=\"https:\/\/solidaritat.santjoandedeu.org\/ca\/\" target=\"_blank\" rel=\"noopener\"><img loading=\"lazy\" decoding=\"async\" width=\"1024\" height=\"241\" src=\"https:\/\/noufil.com\/wp-content\/uploads\/2023\/10\/Logo-SJD-01-1-1024x241.jpg\" alt=\"\" class=\"wp-image-12431\" srcset=\"https:\/\/noufil.com\/wp-content\/uploads\/2023\/10\/Logo-SJD-01-1-1024x241.jpg 1024w, https:\/\/noufil.com\/wp-content\/uploads\/2023\/10\/Logo-SJD-01-1-300x71.jpg 300w, https:\/\/noufil.com\/wp-content\/uploads\/2023\/10\/Logo-SJD-01-1-768x181.jpg 768w, https:\/\/noufil.com\/wp-content\/uploads\/2023\/10\/Logo-SJD-01-1-1536x362.jpg 1536w, https:\/\/noufil.com\/wp-content\/uploads\/2023\/10\/Logo-SJD-01-1.jpg 1744w\" sizes=\"auto, (max-width: 1024px) 100vw, 1024px\" \/><\/a><\/figure><\/div>\n\n\n\n<p><br><br><\/p>\n\n\n\n<div class=\"wp-block-noufil-blocs-trepitja mod_noufil mod_trepitja\"><h2 class=\"tamany_2\"><\/h2><\/div>\n","protected":false},"excerpt":{"rendered":"<p>Treballem per a la excel\u00b7l\u00e8ncia social amb l\u2019objectiu de promoure la competitivitat sostenible. NOUFIL\u00ae t\u00e9 com a objectiu ser un referent a nivell nacional en la confecci\u00f3 de cortines i&#8230;<\/p>\n","protected":false},"author":1,"featured_media":0,"parent":0,"menu_order":0,"comment_status":"closed","ping_status":"closed","template":"pag_empresa.php","meta":{"footnotes":""},"class_list":["post-5542","page","type-page","status-publish","hentry"],"_links":{"self":[{"href":"https:\/\/noufil.com\/ca\/wp-json\/wp\/v2\/pages\/5542","targetHints":{"allow":["GET"]}}],"collection":[{"href":"https:\/\/noufil.com\/ca\/wp-json\/wp\/v2\/pages"}],"about":[{"href":"https:\/\/noufil.com\/ca\/wp-json\/wp\/v2\/types\/page"}],"author":[{"embeddable":true,"href":"https:\/\/noufil.com\/ca\/wp-json\/wp\/v2\/users\/1"}],"replies":[{"embeddable":true,"href":"https:\/\/noufil.com\/ca\/wp-json\/wp\/v2\/comments?post=5542"}],"version-history":[{"count":27,"href":"https:\/\/noufil.com\/ca\/wp-json\/wp\/v2\/pages\/5542\/revisions"}],"predecessor-version":[{"id":12445,"href":"https:\/\/noufil.com\/ca\/wp-json\/wp\/v2\/pages\/5542\/revisions\/12445"}],"wp:attachment":[{"href":"https:\/\/noufil.com\/ca\/wp-json\/wp\/v2\/media?parent=5542"}],"curies":[{"name":"wp","href":"https:\/\/api.w.org\/{rel}","templated":true}]}}