{"id":5540,"date":"2021-09-14T19:08:35","date_gmt":"2021-09-14T17:08:35","guid":{"rendered":"https:\/\/noufil.com\/fabrica\/"},"modified":"2022-02-07T14:30:28","modified_gmt":"2022-02-07T12:30:28","slug":"fabrica","status":"publish","type":"page","link":"https:\/\/noufil.com\/ca\/fabrica\/","title":{"rendered":"F\u00e0brica"},"content":{"rendered":"\n<div class=\"wp-block-noufil-blocs-seccio mod_noufil mod_destacat sense_text\"><div class=\"maq_contenidor\"><div class=\"maq_columns cols_3\"><div class=\"maq_col doble foto_wrapper\"><div class=\"foto foto_layer\" style=\"background-image:url(https:\/\/noufil.com\/wp-content\/uploads\/2021\/09\/Fabrica-06.jpg)\"><\/div><\/div><div class=\"maq_col text\"><div class=\"wrap_centrat\"><div class=\"wrap_titular\"><h1 class=\"com_titular_1 \">F\u00c0BRICA<\/h1><\/div><\/div><\/div><\/div><\/div><\/div>\n\n\n\n<h2 class=\"wp-block-heading\">\u201cTailor made\u201d, amb experi\u00e8ncia i tecnologia.<\/h2>\n\n\n\n<p>A NOUFIL\u00ae fa m\u00e9s de tres d\u00e8cades que confeccionem a mida productes t\u00e8xtils i protecci\u00f3 solar per a la llar. Som una empresa de tradici\u00f3 familiar, amb \u00e0mplia experi\u00e8ncia i visi\u00f3 artesanal, que fabrica productes personalitzats i sempre pendents de cada detall.<\/p>\n\n\n\n<p>Tamb\u00e9 comptem amb processos industrials d\u2019\u00faltima generaci\u00f3 i estem tecnol\u00f2gicament preparats per assumir grans volums de fabricaci\u00f3 per garantir la tra\u00e7abilitat i el control permanent.<br><br>Cada producte \u00e9s \u00fanic, i \u00e9s aix\u00ed com el tractem. Perqu\u00e8 la nostra professi\u00f3 \u00e9s la nostra passi\u00f3 i la satisfacci\u00f3 dels nostres clients \u00e9s la nostra prioritat.<\/p>\n\n\n\n<div class=\"wp-block-noufil-blocs-trepitja mod_noufil mod_trepitja\"><h2 class=\"tamany_2\">PROCESSOS AMB CONTROL<\/h2><\/div>\n\n\n\n<div class=\"wp-block-noufil-blocs-ajedrez mod_noufil mod_escacs reverso_\"><div class=\"maq_contenidor\"><div class=\"foto\" style=\"background-image:url(https:\/\/noufil.com\/wp-content\/uploads\/2021\/09\/Fabrica-05.jpg)\"><\/div><div class=\"text\"><div class=\"wraptxt\"><h2 class=\"com_titular_2 \">01 Recepci\u00f3 de teixits<\/h2><p>Confeccionem a mida tant amb teixits propis com amb teixits propietat del client. Aquests \u00faltims arribaran al nostre centre de producci\u00f3 mitjan\u00e7ant el nostre servei de transport propi, via ag\u00e8ncia de transports procedent del client o a trav\u00e9s d\u2019una ag\u00e8ncia directament del prove\u00efdor. Quan el teixit es rep del prove\u00efdor, al client se l\u2019informar\u00e0 de forma autom\u00e0tica de la seva recepci\u00f3 mitjan\u00e7ant un correu electr\u00f2nic.<\/p><\/div><\/div><\/div><\/div>\n\n\n\n<div class=\"wp-block-noufil-blocs-ajedrez mod_noufil mod_escacs reverso_1\"><div class=\"maq_contenidor\"><div class=\"foto\" style=\"background-image:url(https:\/\/noufil.com\/wp-content\/uploads\/2021\/09\/Fabrica-04.jpg)\"><\/div><div class=\"text\"><div class=\"wraptxt\"><h2 class=\"com_titular_2 \">02 Entrada de comandes<\/h2><p>Totes les comandes s\u00f3n entrades i escanejades al nostre sistema inform\u00e0tic i cada pe\u00e7a que s\u2019ha de confeccionar avan\u00e7a en el proc\u00e9s amb el seu propi full de producci\u00f3. Mitjan\u00e7ant aquests fulls, podem donar al client una informaci\u00f3 fiable i instant\u00e0nia de la situaci\u00f3 de la seva comanda, a m\u00e9s d\u2019oferir-li un control en temps real de la nostra producci\u00f3. Ind\u00fastria 4.0 gr\u00e0cies a un sistema exclusiu que desenvolupem des del 2004.<\/p><\/div><\/div><\/div><\/div>\n\n\n\n<div class=\"wp-block-noufil-blocs-ajedrez mod_noufil mod_escacs reverso_\"><div class=\"maq_contenidor\"><div class=\"foto\" style=\"background-image:url(https:\/\/noufil.com\/wp-content\/uploads\/2021\/09\/Fabrica-03.jpg)\"><\/div><div class=\"text\"><div class=\"wraptxt\"><h2 class=\"com_titular_2 \">03 Tall<\/h2><p>Cada producte es talla individualment, segons el que s\u2019ha detallat al seu full de producci\u00f3. Aquesta fase \u00e9s fonamental, at\u00e8s que en dependr\u00e0 el resultat final, i cal tenir en compte tant els dibuixos i els informes dels teixits com les talles que hi cal afegir o casar.<\/p><\/div><\/div><\/div><\/div>\n\n\n\n<div class=\"wp-block-noufil-blocs-ajedrez mod_noufil mod_escacs reverso_1\"><div class=\"maq_contenidor\"><div class=\"foto\" style=\"background-image:url(https:\/\/noufil.com\/wp-content\/uploads\/2021\/09\/Fabrica-02.jpg)\"><\/div><div class=\"text\"><div class=\"wraptxt\"><h2 class=\"com_titular_2 \">04 Confecci\u00f3<\/h2><p>Cada producte \u00e9s \u00fanic, motiu pel qual el tractem de forma individual i diferenciada. Comptem amb un personal perfectament capacitat i en constant formaci\u00f3, i amb una maquin\u00e0ria i uns estris espec\u00edfics per a cada tipus de costura. Alguns, de disseny propi.<br>Treballem amb sistemes de control de qualitat durant tot el proc\u00e9s de confecci\u00f3 i en fem un seguiment en temps real mitjan\u00e7ant l\u2019\u00fas de codis de barra. Tot plegat amb la finalitat de facilitar la feina i garantir mides i costures rectes i perfectes.<\/p><\/div><\/div><\/div><\/div>\n\n\n\n<div class=\"wp-block-noufil-blocs-ajedrez mod_noufil mod_escacs reverso_\"><div class=\"maq_contenidor\"><div class=\"foto\" style=\"background-image:url(https:\/\/noufil.com\/wp-content\/uploads\/2021\/09\/Fabrica-08.jpg)\"><\/div><div class=\"text\"><div class=\"wraptxt\"><h2 class=\"com_titular_2 \">05 Acabats<\/h2><p>Frunzits, ullets, anelles, ganxos, cremalleres o botons. Un cop confeccionat el producte, hi aportem aquell detall final que el fa diferent i especial.<\/p><\/div><\/div><\/div><\/div>\n\n\n\n<div class=\"wp-block-noufil-blocs-ajedrez mod_noufil mod_escacs reverso_1\"><div class=\"maq_contenidor\"><div class=\"foto\" style=\"background-image:url(https:\/\/noufil.com\/wp-content\/uploads\/2021\/09\/Fabrica-07.jpg)\"><\/div><div class=\"text\"><div class=\"wraptxt\"><h2 class=\"com_titular_2 \">06 Comprovaci\u00f3<\/h2><p>Planxa i comprovaci\u00f3 de mides s\u00f3n els processos finals abans de donar el producte per acabat.<\/p><\/div><\/div><\/div><\/div>\n\n\n\n<div class=\"wp-block-noufil-blocs-ajedrez mod_noufil mod_escacs reverso_\"><div class=\"maq_contenidor\"><div class=\"foto\" style=\"background-image:url(https:\/\/noufil.com\/wp-content\/uploads\/2021\/09\/Fabrica-01.jpg)\"><\/div><div class=\"text\"><div class=\"wraptxt\"><h2 class=\"com_titular_2 \">07 Expedici\u00f3<\/h2><p>Di\u00e0riament surten de les nostres instal\u00b7lacions centenars de productes finalitzats degudament identificats per facilitar la feina als instal\u00b7ladors.<\/p><\/div><\/div><\/div><\/div>\n\n\n\n<div class=\"wp-block-noufil-blocs-trepitja mod_noufil mod_trepitja\"><h2 class=\"tamany_2\"><\/h2><\/div>\n\n\n\n<p><\/p>\n","protected":false},"excerpt":{"rendered":"<p>\u201cTailor made\u201d, amb experi\u00e8ncia i tecnologia. A NOUFIL\u00ae fa m\u00e9s de tres d\u00e8cades que confeccionem a mida productes t\u00e8xtils i protecci\u00f3 solar per a la llar. Som una empresa de&#8230;<\/p>\n","protected":false},"author":1,"featured_media":0,"parent":0,"menu_order":0,"comment_status":"closed","ping_status":"closed","template":"pag_empresa.php","meta":{"footnotes":""},"class_list":["post-5540","page","type-page","status-publish","hentry"],"_links":{"self":[{"href":"https:\/\/noufil.com\/ca\/wp-json\/wp\/v2\/pages\/5540","targetHints":{"allow":["GET"]}}],"collection":[{"href":"https:\/\/noufil.com\/ca\/wp-json\/wp\/v2\/pages"}],"about":[{"href":"https:\/\/noufil.com\/ca\/wp-json\/wp\/v2\/types\/page"}],"author":[{"embeddable":true,"href":"https:\/\/noufil.com\/ca\/wp-json\/wp\/v2\/users\/1"}],"replies":[{"embeddable":true,"href":"https:\/\/noufil.com\/ca\/wp-json\/wp\/v2\/comments?post=5540"}],"version-history":[{"count":6,"href":"https:\/\/noufil.com\/ca\/wp-json\/wp\/v2\/pages\/5540\/revisions"}],"predecessor-version":[{"id":10528,"href":"https:\/\/noufil.com\/ca\/wp-json\/wp\/v2\/pages\/5540\/revisions\/10528"}],"wp:attachment":[{"href":"https:\/\/noufil.com\/ca\/wp-json\/wp\/v2\/media?parent=5540"}],"curies":[{"name":"wp","href":"https:\/\/api.w.org\/{rel}","templated":true}]}}