{"id":5530,"date":"2021-09-14T19:48:33","date_gmt":"2021-09-14T17:48:33","guid":{"rendered":"https:\/\/noufil.com\/tecnologia\/"},"modified":"2022-01-31T11:49:51","modified_gmt":"2022-01-31T09:49:51","slug":"tecnologia","status":"publish","type":"page","link":"https:\/\/noufil.com\/ca\/tecnologia\/","title":{"rendered":"Tecnologia"},"content":{"rendered":"\n<div class=\"wp-block-noufil-blocs-seccio mod_noufil mod_destacat sense_text\"><div class=\"maq_contenidor\"><div class=\"maq_columns cols_3\"><div class=\"maq_col doble foto_wrapper\"><div class=\"foto foto_layer\" style=\"background-image:url(https:\/\/noufil.com\/wp-content\/uploads\/2021\/12\/JBA-3606.jpg)\"><\/div><\/div><div class=\"maq_col text\"><div class=\"wrap_centrat\"><div class=\"wrap_titular\"><h1 class=\"com_titular_1 \">TECNOLOGIA<\/h1><\/div><\/div><\/div><\/div><\/div><\/div>\n\n\n\n<h2 class=\"wp-block-heading\">El control en tots els processos comporta una alta qualitat en els nostres productes.<\/h2>\n\n\n\n<p>A NOUFIL\u00ae disposem d\u2019un centre de producci\u00f3 de 1.400 m<sup>2<\/sup>, situat a Igualada (Barcelona). Comptem amb unes instal\u00b7lacions dotades amb l\u2019\u00faltima tecnologia i una maquin\u00e0ria adaptada a les nostres necessitats que ens permet un gran volum de confecci\u00f3. Des de l\u2019entrada de les comandes fins a la seva expedici\u00f3, treballem amb un sistema de control en temps real mitjan\u00e7ant codis de barra.<\/p>\n\n\n\n<p id=\"Tecnologia\">Tot aix\u00f2 ens permet oferir als nostres clients una informaci\u00f3 puntual i detallada de la situaci\u00f3 de les seves comandes. Addicionalment, totes les comandes dels nostres clients, juntament amb totes les caracter\u00edstiques de confecci\u00f3, queden emmagatzemades al nostre sistema. Si posteriorment, al cap d\u2019uns mesos o d\u2019uns anys, els nostres clients necessiten la informaci\u00f3 per realitzar de nou confeccions id\u00e8ntiques, no hi haur\u00e0 cap problema.<\/p>\n\n\n\n<div class=\"wp-block-noufil-blocs-seccio mod_noufil mod_destacat sense_text\"><div class=\"maq_contenidor\"><div class=\"maq_columns cols_3\"><div class=\"maq_col doble foto_wrapper\"><div class=\"foto foto_layer\" style=\"background-image:url(https:\/\/noufil.com\/wp-content\/uploads\/2021\/12\/ok-JBA-3728.jpg)\"><\/div><\/div><div class=\"maq_col text\"><div class=\"wrap_centrat\"><div class=\"wrap_titular\"><h1 class=\"com_titular_1 \"><\/h1><\/div><\/div><\/div><\/div><\/div><\/div>\n\n\n\n<p><br><br><br><br><\/p>\n\n\n\n<div class=\"wp-block-noufil-blocs-trepitja mod_noufil mod_trepitja\"><h2 class=\"tamany_2\"><\/h2><\/div>\n","protected":false},"excerpt":{"rendered":"<p>El control en tots els processos comporta una alta qualitat en els nostres productes. A NOUFIL\u00ae disposem d\u2019un centre de producci\u00f3 de 1.400 m2, situat a Igualada (Barcelona). Comptem amb&#8230;<\/p>\n","protected":false},"author":1,"featured_media":0,"parent":0,"menu_order":0,"comment_status":"closed","ping_status":"closed","template":"pag_serveis.php","meta":{"footnotes":""},"class_list":["post-5530","page","type-page","status-publish","hentry"],"_links":{"self":[{"href":"https:\/\/noufil.com\/ca\/wp-json\/wp\/v2\/pages\/5530","targetHints":{"allow":["GET"]}}],"collection":[{"href":"https:\/\/noufil.com\/ca\/wp-json\/wp\/v2\/pages"}],"about":[{"href":"https:\/\/noufil.com\/ca\/wp-json\/wp\/v2\/types\/page"}],"author":[{"embeddable":true,"href":"https:\/\/noufil.com\/ca\/wp-json\/wp\/v2\/users\/1"}],"replies":[{"embeddable":true,"href":"https:\/\/noufil.com\/ca\/wp-json\/wp\/v2\/comments?post=5530"}],"version-history":[{"count":1,"href":"https:\/\/noufil.com\/ca\/wp-json\/wp\/v2\/pages\/5530\/revisions"}],"predecessor-version":[{"id":9278,"href":"https:\/\/noufil.com\/ca\/wp-json\/wp\/v2\/pages\/5530\/revisions\/9278"}],"wp:attachment":[{"href":"https:\/\/noufil.com\/ca\/wp-json\/wp\/v2\/media?parent=5530"}],"curies":[{"name":"wp","href":"https:\/\/api.w.org\/{rel}","templated":true}]}}