{"id":5519,"date":"2021-12-23T18:46:29","date_gmt":"2021-12-23T16:46:29","guid":{"rendered":"https:\/\/noufil.com\/aviso-legal\/"},"modified":"2023-02-21T09:42:31","modified_gmt":"2023-02-21T07:42:31","slug":"avis-legal","status":"publish","type":"page","link":"https:\/\/noufil.com\/ca\/avis-legal\/","title":{"rendered":"Av\u00eds legal"},"content":{"rendered":"\n<p class=\"has-huge-font-size\"><strong>Av\u00eds legal <\/strong><\/p>\n\n\n\n<h3 class=\"wp-block-heading\" id=\"h-ley-de-los-servicios-de-la-sociedad-de-la-informacion-lssi\"><strong><strong>Llei dels Serveis de la Societat de la Informaci\u00f3 (LSSI)<\/strong><\/strong><\/h3>\n\n\n\n<p>MATEX IB\u00c9RICA, SL, responsable del lloc web, en endavant el RESPONSABLE, posa a disposici\u00f3 dels usuaris aquest document, amb qu\u00e8 vol donar compliment a les obligacions que disposa la Llei 34\/2002, d\u201911 de juliol, de Serveis de la Societat de la Informaci\u00f3 i del Comer\u00e7 Electr\u00f2nic (LSSI-CE), aix\u00ed com informar tots els usuaris del lloc web sobre quines s\u00f3n les condicions d\u2019\u00fas del lloc web.<\/p>\n\n\n\n<p>Tothom que accedeixi a aquest lloc web assumeix el paper d\u2019usuari i es compromet a l\u2019observan\u00e7a i el compliment rigor\u00f3s de les disposicions aqu\u00ed exposades, aix\u00ed com a qualsevol altra disposici\u00f3 legal que fos d\u2019aplicaci\u00f3. MATEX IB\u00c9RICA, SL es reserva el dret a modificar qualsevol tipus d\u2019informaci\u00f3 que pogu\u00e9s apar\u00e8ixer al lloc web, sense que hi hagi obligaci\u00f3 de preavisar o posar en coneixement dels usuaris aquestes obligacions, i s\u2019entendr\u00e0 com a suficient amb la publicaci\u00f3 al lloc web de MATEX IB\u00c9RICA, SL.<\/p>\n\n\n\n<p><\/p>\n\n\n\n<h3 class=\"wp-block-heading\"><strong><strong>Dades d\u2019identificaci\u00f3<\/strong><\/strong><\/h3>\n\n\n\n<p>Responsable: MATEX IB\u00c9RICA, SL<br>CIF:  B61175428 <br>Adre\u00e7a postal:  Gran Bretanya 13, nau 1 \u2013 08700 Igualada, BARCELONA (SPAIN) <br>Tel\u00e8fon de contacte:  93 771 90 75 <br>Correu electr\u00f2nic:  <a href=\"mailto:ventas@matexiberica.com\">ventas@matexiberica.com<\/a><\/p>\n\n\n\n<h3 class=\"wp-block-heading\"><strong><strong>2. Drets de propietat intel\u00b7lectual i industrial<\/strong><\/strong><\/h3>\n\n\n\n<p>El lloc web, els dissenys, logotips, textos i\/o gr\u00e0fics s\u00f3n propietat del RESPONSABLE o, si escau, compta amb llic\u00e8ncia o autoritzaci\u00f3 expressa per part dels autors. Tots els continguts del lloc web estan degudament protegits per la normativa de propietat intel\u00b7lectual i industrial, aix\u00ed com inscrits als registres p\u00fablics corresponents. Independentment de la finalitat per a la qual van ser destinats, la reproducci\u00f3 total o parcial, \u00fas, explotaci\u00f3, distribuci\u00f3 i comercialitzaci\u00f3 requereix, en tot cas, l\u2019autoritzaci\u00f3 escrita pr\u00e8via per part del RESPONSABLE. Qualsevol \u00fas no autoritzat pr\u00e8viament es considera un incompliment greu dels drets de propietat intel\u00b7lectual o industrial de l\u2019autor.<\/p>\n\n\n\n<p>Els dissenys, logotips, textos i\/o gr\u00e0fics aliens al RESPONSABLE que podrien apar\u00e8ixer al lloc web pertanyen als propietaris respectius, els quals s\u00f3n responsables de qualsevol possible controv\u00e8rsia que podria suscitar-se\u2019n. El RESPONSABLE autoritza expressament que tercers puguin redirigir directament als continguts concrets del lloc web, i en tot cas redirigir al lloc web principal de www.noufil.com.<\/p>\n\n\n\n<p>El RESPONSABLE reconeix a favor dels seus titulars els corresponents drets de propietat intel\u00b7lectual i industrial, i la seva mera menci\u00f3 o aparici\u00f3 al lloc web no hi implica l\u2019exist\u00e8ncia de cap dret o responsabilitat, ni tampoc suport, patrocini o recomanaci\u00f3 per part seva.<\/p>\n\n\n\n<p><\/p>\n\n\n\n<h3 class=\"wp-block-heading\"><strong><strong>3. Exempci\u00f3 de responsabilitats<\/strong><\/strong><\/h3>\n\n\n\n<p>El RESPONSABLE s\u2019eximeix de qualsevol tipus de responsabilitat derivada de la informaci\u00f3 publicada al seu lloc web, sempre que aquesta informaci\u00f3 hagi estat manipulada o introdu\u00efda per un tercer ali\u00e8 a aquest.<\/p>\n\n\n\n<p><strong><strong>\u00das de galetes<\/strong><\/strong><\/p>\n\n\n\n<p>Aquest lloc web pot utilitzar galetes t\u00e8cniques (petis arxius d\u2019informaci\u00f3 que el servidor envia a l\u2019ordinador de qui accedeix a la p\u00e0gina) per portar a terme determinades funcions considerades imprescindibles per al correcte funcionament i visualitzaci\u00f3 del lloc. Les galetes emprades tenen, en tot cas, car\u00e0cter temporal, amb l\u2019\u00fanica finalitat de fer m\u00e9s efica\u00e7 la navegaci\u00f3, i desapareixen en acabar la sessi\u00f3 de l\u2019usuari. En cap cas aquestes galetes proporcionen per si mateixes dades de car\u00e0cter personal i no s\u2019empraran per recollir-ne.<\/p>\n\n\n\n<p>Mitjan\u00e7ant l\u2019\u00fas de galetes, tamb\u00e9 \u00e9s possible que el servidor on est\u00e0 allotjat el lloc web reconegui el navegador utilitzat per l\u2019usuari amb la finalitat que la navegaci\u00f3 sigui m\u00e9s senzilla, la qual cosa permet, per exemple, que els usuaris que s\u2019hi hagin registrat pr\u00e8viament accedeixin a les \u00e0rees, els serveis, les promocions o els concursos reservats exclusivament a ells sense haver de registrar-s\u2019hi en cada visita. Tamb\u00e9 es poden emprar per mesurar l\u2019audi\u00e8ncia, par\u00e0metres de tr\u00e0nsit, controlar el progr\u00e9s i el nombre d\u2019entrades, etc., casos en els quals aquestes galetes s\u00f3n prescindibles t\u00e8cnicament, per\u00f2 beneficioses per a l\u2019usuari. Aquest lloc web no instal\u00b7lar\u00e0 galetes prescindibles sense el consentiment previ de l\u2019usuari.<\/p>\n\n\n\n<p>L\u2019usuari t\u00e9 la possibilitat de configurar el seu navegador per ser alertat de la recepci\u00f3 de galetes i per impedir-ne la instal\u00b7laci\u00f3 al seu equip. Si us plau, consulteu les instruccions del vostre navegador per ampliar aquesta informaci\u00f3.<\/p>\n\n\n\n<p><strong><strong>Pol\u00edtica d\u2019enlla\u00e7os<\/strong><\/strong><\/p>\n\n\n\n<p>Des del lloc web, \u00e9s possible que es redirigeixi a continguts de tercers llocs web. At\u00e8s que el RESPONSABLE no pot controlar sempre els continguts introdu\u00efts per tercers als seus respectius llocs web, no n\u2019assumeix cap tipus de responsabilitat respecte a aquests continguts. En tot cas, procedir\u00e0 a la retirada immediata de qualsevol contingut que pugui contravenir la legislaci\u00f3 nacional o internacional, la moral o l\u2019ordre p\u00fablic, la retirar\u00e0 de manera immediata de la redirecci\u00f3 a aquest lloc web i posar\u00e0 en coneixement de les autoritats competents el contingut en q\u00fcesti\u00f3.<\/p>\n\n\n\n<p>El RESPONSABLE no es fa responsable de la informaci\u00f3 i els continguts emmagatzemats, a t\u00edtol enunciatiu per\u00f2 no limitador, en f\u00f2rums, xats, generadors de blogs, comentaris, xarxes socials o qualsevol altre mitj\u00e0 que permeti a tercers publicar continguts de forma independent a la p\u00e0gina web del RESPONSABLE. No obstant aix\u00f2, i en compliment del que disposen els articles 11 i 16 de la LSSI-CE, es posa a disposici\u00f3 de tots els usuaris, autoritats i forces de seguretat, i hi col\u00b7laborar\u00e0 de forma activa en la retirada o, si escau, el bloqueig de tots aquells continguts que poguessin afectar o contravenir la legislaci\u00f3 nacional o internacional, els drets de tercers o la moral i l\u2019ordre p\u00fablic. En cas que l\u2019usuari consideri que hi ha al lloc web algun contingut que pogu\u00e9s ser susceptible d\u2019aquesta classificaci\u00f3, es prega que ho notifiqui de forma immediata a l\u2019administrador del lloc web.<\/p>\n\n\n\n<p>Aquest lloc web ha estat revisat i provat perqu\u00e8 funcioni correctament. En principi, se\u2019n pot garantir el funcionament correcte els 365 dies de l\u2019any, les 24 hores al dia. No obstant aix\u00f2, el RESPONSABLE no descarta la possibilitat que existeixin alguns errors de programaci\u00f3, o que es produeixin causes de for\u00e7a major, cat\u00e0strofes naturals, vagues o circumst\u00e0ncies semblants que facin impossible l\u2019acc\u00e9s a la p\u00e0gina web.<\/p>\n\n\n\n<p><\/p>\n\n\n\n<h3 class=\"wp-block-heading\"><strong><strong>4. Llei aplicable i jurisdicci\u00f3<\/strong><\/strong><\/h3>\n\n\n\n<p>Per a la resoluci\u00f3 de totes les controv\u00e8rsies o q\u00fcestions relacionades amb aquest lloc web o de les activitats que s\u2019hi desenvolupen, \u00e9s d\u2019aplicaci\u00f3 la legislaci\u00f3 espanyola, a la qual se sotmeten expressament les parts, i seran competents per a la resoluci\u00f3 de tots els conflictes derivats o relacionats amb el seu \u00fas els jutjats i els tribunals m\u00e9s propers Barcelona.<\/p>\n","protected":false},"excerpt":{"rendered":"<p>Av\u00eds legal Llei dels Serveis de la Societat de la Informaci\u00f3 (LSSI) MATEX IB\u00c9RICA, SL, responsable del lloc web, en endavant el RESPONSABLE, posa a disposici\u00f3 dels usuaris aquest document,&#8230;<\/p>\n","protected":false},"author":1,"featured_media":0,"parent":0,"menu_order":0,"comment_status":"closed","ping_status":"closed","template":"","meta":{"footnotes":""},"class_list":["post-5519","page","type-page","status-publish","hentry"],"_links":{"self":[{"href":"https:\/\/noufil.com\/ca\/wp-json\/wp\/v2\/pages\/5519","targetHints":{"allow":["GET"]}}],"collection":[{"href":"https:\/\/noufil.com\/ca\/wp-json\/wp\/v2\/pages"}],"about":[{"href":"https:\/\/noufil.com\/ca\/wp-json\/wp\/v2\/types\/page"}],"author":[{"embeddable":true,"href":"https:\/\/noufil.com\/ca\/wp-json\/wp\/v2\/users\/1"}],"replies":[{"embeddable":true,"href":"https:\/\/noufil.com\/ca\/wp-json\/wp\/v2\/comments?post=5519"}],"version-history":[{"count":7,"href":"https:\/\/noufil.com\/ca\/wp-json\/wp\/v2\/pages\/5519\/revisions"}],"predecessor-version":[{"id":12409,"href":"https:\/\/noufil.com\/ca\/wp-json\/wp\/v2\/pages\/5519\/revisions\/12409"}],"wp:attachment":[{"href":"https:\/\/noufil.com\/ca\/wp-json\/wp\/v2\/media?parent=5519"}],"curies":[{"name":"wp","href":"https:\/\/api.w.org\/{rel}","templated":true}]}}